{"id":16650,"date":"2020-02-24T22:15:15","date_gmt":"2020-02-24T22:15:15","guid":{"rendered":"https:\/\/demo30.houzez.co\/?page_id=16650"},"modified":"2026-02-08T22:41:53","modified_gmt":"2026-02-08T22:41:53","slug":"a-propos-dinmo-plateforme-immobiliere","status":"publish","type":"page","link":"https:\/\/inmo.ma\/en\/a-propos-dinmo-plateforme-immobiliere\/","title":{"rendered":"About Inmo"},"content":{"rendered":"<div data-elementor-type=\"wp-page\" data-elementor-id=\"16650\" class=\"elementor elementor-16650\" data-elementor-post-type=\"page\">\n\t\t\t\t\t\t<section class=\"elementor-section elementor-top-section elementor-element elementor-element-b031f8c elementor-section-height-min-height elementor-section-boxed elementor-section-height-default elementor-section-items-middle\" data-id=\"b031f8c\" data-element_type=\"section\" data-e-type=\"section\" data-settings=\"{&quot;background_background&quot;:&quot;classic&quot;}\">\n\t\t\t\t\t\t\t<div class=\"elementor-background-overlay\"><\/div>\n\t\t\t\t\t\t\t<div class=\"elementor-container elementor-column-gap-default\">\n\t\t\t\t\t<div class=\"elementor-column elementor-col-100 elementor-top-column elementor-element elementor-element-f0ced8d\" data-id=\"f0ced8d\" data-element_type=\"column\" data-e-type=\"column\">\n\t\t\t<div class=\"elementor-widget-wrap elementor-element-populated\">\n\t\t\t\t\t\t<div class=\"elementor-element elementor-element-348cf56 elementor-widget elementor-widget-houzez_elementor_page_title\" data-id=\"348cf56\" data-element_type=\"widget\" data-e-type=\"widget\" data-widget_type=\"houzez_elementor_page_title.default\">\n\t\t\t\t<div class=\"elementor-widget-container\">\n\t\t\t\t\t \n        <div class=\"d-flex align-items-center\">\n            <div class=\"page-title flex-grow-1\" role=\"heading\" aria-level=\"1\">\n\t<h1>About Inmo<\/h1>\n<\/div><!-- page-title -->\n \n        <\/div><!-- d-flex -->  \n        \t\t\t\t<\/div>\n\t\t\t\t<\/div>\n\t\t\t\t\t<\/div>\n\t\t<\/div>\n\t\t\t\t\t<\/div>\n\t\t<\/section>\n\t\t\t\t<section class=\"elementor-section elementor-top-section elementor-element elementor-element-73e8b3c elementor-section-boxed elementor-section-height-default elementor-section-height-default\" data-id=\"73e8b3c\" data-element_type=\"section\" data-e-type=\"section\">\n\t\t\t\t\t\t<div class=\"elementor-container elementor-column-gap-default\">\n\t\t\t\t\t<div class=\"elementor-column elementor-col-100 elementor-top-column elementor-element elementor-element-08a4bc7\" data-id=\"08a4bc7\" data-element_type=\"column\" data-e-type=\"column\">\n\t\t\t<div class=\"elementor-widget-wrap elementor-element-populated\">\n\t\t\t\t\t\t<div class=\"elementor-element elementor-element-8451297 elementor-widget elementor-widget-spacer\" data-id=\"8451297\" data-element_type=\"widget\" data-e-type=\"widget\" data-widget_type=\"spacer.default\">\n\t\t\t\t<div class=\"elementor-widget-container\">\n\t\t\t\t\t\t\t<div class=\"elementor-spacer\">\n\t\t\t<div class=\"elementor-spacer-inner\"><\/div>\n\t\t<\/div>\n\t\t\t\t\t\t<\/div>\n\t\t\t\t<\/div>\n\t\t\t\t<div class=\"elementor-element elementor-element-ede50d4 elementor-widget elementor-widget-text-editor\" data-id=\"ede50d4\" data-element_type=\"widget\" data-e-type=\"widget\" data-widget_type=\"text-editor.default\">\n\t\t\t\t<div class=\"elementor-widget-container\">\n\t\t\t\t\t\t\t\t\t<p data-start=\"315\" data-end=\"744\">Inmo est une plateforme immobili\u00e8re professionnelle d\u00e9di\u00e9e au r\u00e9f\u00e9rencement et \u00e0 la centralisation des projets immobiliers neufs dans la province de T\u00e9touan.<br data-start=\"476\" data-end=\"479\" \/>Pens\u00e9e comme un outil d\u2019information et de visibilit\u00e9, Inmo a pour vocation de structurer l\u2019offre existante et de permettre aux utilisateurs d\u2019avoir une vue claire, organis\u00e9e et \u00e0 jour des projets d\u00e9velopp\u00e9s par les promoteurs et professionnels de la r\u00e9gion.<\/p><p data-start=\"746\" data-end=\"960\">Inmo n\u2019intervient pas dans la transaction immobili\u00e8re. La plateforme agit comme un espace de r\u00e9f\u00e9rencement neutre, facilitant l\u2019acc\u00e8s \u00e0 l\u2019information et la mise en relation directe avec les porteurs de projets.<\/p>\t\t\t\t\t\t\t\t<\/div>\n\t\t\t\t<\/div>\n\t\t\t\t<div class=\"elementor-element elementor-element-9815478 elementor-widget elementor-widget-houzez_elementor_section_title\" data-id=\"9815478\" data-element_type=\"widget\" data-e-type=\"widget\" data-widget_type=\"houzez_elementor_section_title.default\">\n\t\t\t\t<div class=\"elementor-widget-container\">\n\t\t\t\t\t            <div class=\"houzez_section_title_wrap section-title-module\">\n                                    <h2 class=\"houzez_section_title\">Notre mission<\/h2>\n                \n                            <\/div>\n            \t\t\t\t<\/div>\n\t\t\t\t<\/div>\n\t\t\t\t<div class=\"elementor-element elementor-element-942f564 elementor-widget elementor-widget-spacer\" data-id=\"942f564\" data-element_type=\"widget\" data-e-type=\"widget\" data-widget_type=\"spacer.default\">\n\t\t\t\t<div class=\"elementor-widget-container\">\n\t\t\t\t\t\t\t<div class=\"elementor-spacer\">\n\t\t\t<div class=\"elementor-spacer-inner\"><\/div>\n\t\t<\/div>\n\t\t\t\t\t\t<\/div>\n\t\t\t\t<\/div>\n\t\t\t\t\t<\/div>\n\t\t<\/div>\n\t\t\t\t\t<\/div>\n\t\t<\/section>\n\t\t<div class=\"elementor-element elementor-element-59fa392 e-grid e-con-boxed e-con e-parent\" data-id=\"59fa392\" data-element_type=\"container\" data-e-type=\"container\">\n\t\t\t\t\t<div class=\"e-con-inner\">\n\t\t<div class=\"elementor-element elementor-element-348cb69 e-con-full e-flex e-con e-child\" data-id=\"348cb69\" data-element_type=\"container\" data-e-type=\"container\">\n\t\t<div class=\"elementor-element elementor-element-78f8eb9 e-con-full e-flex e-con e-child\" data-id=\"78f8eb9\" data-element_type=\"container\" data-e-type=\"container\">\n\t\t\t\t<div class=\"elementor-element elementor-element-bed2488 elementor-widget elementor-widget-houzez_elementor_section_title\" data-id=\"bed2488\" data-element_type=\"widget\" data-e-type=\"widget\" data-widget_type=\"houzez_elementor_section_title.default\">\n\t\t\t\t<div class=\"elementor-widget-container\">\n\t\t\t\t\t            <div class=\"houzez_section_title_wrap section-title-module\">\n                                    <h2 class=\"houzez_section_title\">\ud83d\udccc<\/h2>\n                \n                                    <p class=\"houzez_section_subtitle\">R\u00e9f\u00e9rencer les projets neufs de mani\u00e8re claire et structur\u00e9e<\/p>\n                            <\/div>\n            \t\t\t\t<\/div>\n\t\t\t\t<\/div>\n\t\t\t\t<\/div>\n\t\t<div class=\"elementor-element elementor-element-2d243df e-con-full e-flex e-con e-child\" data-id=\"2d243df\" data-element_type=\"container\" data-e-type=\"container\">\n\t\t\t\t<div class=\"elementor-element elementor-element-38be3af elementor-widget elementor-widget-text-editor\" data-id=\"38be3af\" data-element_type=\"widget\" data-e-type=\"widget\" data-widget_type=\"text-editor.default\">\n\t\t\t\t<div class=\"elementor-widget-container\">\n\t\t\t\t\t\t\t\t\t<p>Inmo recense les projets immobiliers neufs port\u00e9s par des promoteurs et des agences professionnelles identifi\u00e9es. Chaque projet est pr\u00e9sent\u00e9 dans un cadre homog\u00e8ne, avec des informations organis\u00e9es et comparables.<\/p>\t\t\t\t\t\t\t\t<\/div>\n\t\t\t\t<\/div>\n\t\t\t\t<\/div>\n\t\t\t\t<\/div>\n\t\t<div class=\"elementor-element elementor-element-1b4ab66 e-con-full e-flex e-con e-child\" data-id=\"1b4ab66\" data-element_type=\"container\" data-e-type=\"container\">\n\t\t<div class=\"elementor-element elementor-element-7a8c92e e-con-full e-flex e-con e-child\" data-id=\"7a8c92e\" data-element_type=\"container\" data-e-type=\"container\">\n\t\t\t\t<div class=\"elementor-element elementor-element-77c993e elementor-widget elementor-widget-houzez_elementor_section_title\" data-id=\"77c993e\" data-element_type=\"widget\" data-e-type=\"widget\" data-widget_type=\"houzez_elementor_section_title.default\">\n\t\t\t\t<div class=\"elementor-widget-container\">\n\t\t\t\t\t            <div class=\"houzez_section_title_wrap section-title-module\">\n                                    <h2 class=\"houzez_section_title\">\ud83d\udccb<\/h2>\n                \n                                    <p class=\"houzez_section_subtitle\">Centraliser l\u2019information essentielle sur les projets immobiliers<\/p>\n                            <\/div>\n            \t\t\t\t<\/div>\n\t\t\t\t<\/div>\n\t\t\t\t<\/div>\n\t\t<div class=\"elementor-element elementor-element-68c5c35 e-con-full e-flex e-con e-child\" data-id=\"68c5c35\" data-element_type=\"container\" data-e-type=\"container\">\n\t\t\t\t<div class=\"elementor-element elementor-element-2909c8d elementor-widget elementor-widget-text-editor\" data-id=\"2909c8d\" data-element_type=\"widget\" data-e-type=\"widget\" data-widget_type=\"text-editor.default\">\n\t\t\t\t<div class=\"elementor-widget-container\">\n\t\t\t\t\t\t\t\t\t<p>Detailed descriptions, high-quality photos, floor plans, location, and visual content: Inmo structures listings to give you a clear view of the property even before your visit.<\/p>\t\t\t\t\t\t\t\t<\/div>\n\t\t\t\t<\/div>\n\t\t\t\t<\/div>\n\t\t\t\t<\/div>\n\t\t<div class=\"elementor-element elementor-element-e1ec55b e-con-full e-flex e-con e-child\" data-id=\"e1ec55b\" data-element_type=\"container\" data-e-type=\"container\">\n\t\t<div class=\"elementor-element elementor-element-193a7fb e-con-full e-flex e-con e-child\" data-id=\"193a7fb\" data-element_type=\"container\" data-e-type=\"container\">\n\t\t\t\t<div class=\"elementor-element elementor-element-a6de32b elementor-widget elementor-widget-houzez_elementor_section_title\" data-id=\"a6de32b\" data-element_type=\"widget\" data-e-type=\"widget\" data-widget_type=\"houzez_elementor_section_title.default\">\n\t\t\t\t<div class=\"elementor-widget-container\">\n\t\t\t\t\t            <div class=\"houzez_section_title_wrap section-title-module\">\n                                    <h2 class=\"houzez_section_title\">\ud83d\udccd<\/h2>\n                \n                                    <p class=\"houzez_section_subtitle\">A platform exclusively dedicated to the T\u00e9touan province.<\/p>\n                            <\/div>\n            \t\t\t\t<\/div>\n\t\t\t\t<\/div>\n\t\t\t\t<\/div>\n\t\t<div class=\"elementor-element elementor-element-673c79b e-con-full e-flex e-con e-child\" data-id=\"673c79b\" data-element_type=\"container\" data-e-type=\"container\">\n\t\t\t\t<div class=\"elementor-element elementor-element-dbd9d23 elementor-widget elementor-widget-text-editor\" data-id=\"dbd9d23\" data-element_type=\"widget\" data-e-type=\"widget\" data-widget_type=\"text-editor.default\">\n\t\t\t\t<div class=\"elementor-widget-container\">\n\t\t\t\t\t\t\t\t\t<p>Inmo se concentre volontairement sur la province de T\u00e9touan afin de proposer un r\u00e9f\u00e9rencement local, pertinent et coh\u00e9rent avec les r\u00e9alit\u00e9s du march\u00e9 r\u00e9gional.<\/p>\t\t\t\t\t\t\t\t<\/div>\n\t\t\t\t<\/div>\n\t\t\t\t<\/div>\n\t\t\t\t<\/div>\n\t\t<div class=\"elementor-element elementor-element-796b897 e-con-full e-flex e-con e-child\" data-id=\"796b897\" data-element_type=\"container\" data-e-type=\"container\">\n\t\t<div class=\"elementor-element elementor-element-ab68119 e-con-full e-flex e-con e-child\" data-id=\"ab68119\" data-element_type=\"container\" data-e-type=\"container\">\n\t\t\t\t<div class=\"elementor-element elementor-element-1238138 elementor-widget elementor-widget-houzez_elementor_section_title\" data-id=\"1238138\" data-element_type=\"widget\" data-e-type=\"widget\" data-widget_type=\"houzez_elementor_section_title.default\">\n\t\t\t\t<div class=\"elementor-widget-container\">\n\t\t\t\t\t            <div class=\"houzez_section_title_wrap section-title-module\">\n                                    <h2 class=\"houzez_section_title\">\ud83e\udd1d<\/h2>\n                \n                                    <p class=\"houzez_section_subtitle\">Mise en relation directe avec les porteurs de projets<\/p>\n                            <\/div>\n            \t\t\t\t<\/div>\n\t\t\t\t<\/div>\n\t\t\t\t<\/div>\n\t\t<div class=\"elementor-element elementor-element-638a95b e-con-full e-flex e-con e-child\" data-id=\"638a95b\" data-element_type=\"container\" data-e-type=\"container\">\n\t\t\t\t<div class=\"elementor-element elementor-element-787af81 elementor-widget elementor-widget-text-editor\" data-id=\"787af81\" data-element_type=\"widget\" data-e-type=\"widget\" data-widget_type=\"text-editor.default\">\n\t\t\t\t<div class=\"elementor-widget-container\">\n\t\t\t\t\t\t\t\t\t<p>La plateforme facilite le contact direct entre les utilisateurs et les promoteurs ou agences responsables des projets r\u00e9f\u00e9renc\u00e9s, sans interm\u00e9diaires informels ni intervention commerciale de la part d\u2019Inmo.<\/p>\t\t\t\t\t\t\t\t<\/div>\n\t\t\t\t<\/div>\n\t\t\t\t<\/div>\n\t\t\t\t<\/div>\n\t\t<div class=\"elementor-element elementor-element-9b15425 e-con-full e-flex e-con e-child\" data-id=\"9b15425\" data-element_type=\"container\" data-e-type=\"container\">\n\t\t<div class=\"elementor-element elementor-element-a4a40dd e-con-full e-flex e-con e-child\" data-id=\"a4a40dd\" data-element_type=\"container\" data-e-type=\"container\">\n\t\t\t\t<div class=\"elementor-element elementor-element-469ed6f elementor-widget elementor-widget-houzez_elementor_section_title\" data-id=\"469ed6f\" data-element_type=\"widget\" data-e-type=\"widget\" data-widget_type=\"houzez_elementor_section_title.default\">\n\t\t\t\t<div class=\"elementor-widget-container\">\n\t\t\t\t\t            <div class=\"houzez_section_title_wrap section-title-module\">\n                                    <h2 class=\"houzez_section_title\">\ud83d\udcca<\/h2>\n                \n                                    <p class=\"houzez_section_subtitle\">Une vision globale pour mieux comprendre l\u2019offre existante<\/p>\n                            <\/div>\n            \t\t\t\t<\/div>\n\t\t\t\t<\/div>\n\t\t\t\t<\/div>\n\t\t<div class=\"elementor-element elementor-element-c9fd445 e-con-full e-flex e-con e-child\" data-id=\"c9fd445\" data-element_type=\"container\" data-e-type=\"container\">\n\t\t\t\t<div class=\"elementor-element elementor-element-ef395cc elementor-widget elementor-widget-text-editor\" data-id=\"ef395cc\" data-element_type=\"widget\" data-e-type=\"widget\" data-widget_type=\"text-editor.default\">\n\t\t\t\t<div class=\"elementor-widget-container\">\n\t\t\t\t\t\t\t\t\t<p>En regroupant les projets neufs dans un m\u00eame espace, Inmo permet de comparer les emplacements, les typologies et les caract\u00e9ristiques des projets, et d\u2019avoir une lecture plus claire du paysage immobilier local.<\/p>\t\t\t\t\t\t\t\t<\/div>\n\t\t\t\t<\/div>\n\t\t\t\t<\/div>\n\t\t\t\t<\/div>\n\t\t<div class=\"elementor-element elementor-element-1b8687d e-con-full e-flex e-con e-child\" data-id=\"1b8687d\" data-element_type=\"container\" data-e-type=\"container\">\n\t\t<div class=\"elementor-element elementor-element-0dbae41 e-con-full e-flex e-con e-child\" data-id=\"0dbae41\" data-element_type=\"container\" data-e-type=\"container\">\n\t\t\t\t<div class=\"elementor-element elementor-element-742dc0c elementor-widget elementor-widget-houzez_elementor_section_title\" data-id=\"742dc0c\" data-element_type=\"widget\" data-e-type=\"widget\" data-widget_type=\"houzez_elementor_section_title.default\">\n\t\t\t\t<div class=\"elementor-widget-container\">\n\t\t\t\t\t            <div class=\"houzez_section_title_wrap section-title-module\">\n                                    <h2 class=\"houzez_section_title\">\ud83d\udee1\ufe0f<\/h2>\n                \n                                    <p class=\"houzez_section_subtitle\">Un cadre professionnel, informatif et impartial<\/p>\n                            <\/div>\n            \t\t\t\t<\/div>\n\t\t\t\t<\/div>\n\t\t\t\t<\/div>\n\t\t<div class=\"elementor-element elementor-element-998e1dc e-con-full e-flex e-con e-child\" data-id=\"998e1dc\" data-element_type=\"container\" data-e-type=\"container\">\n\t\t\t\t<div class=\"elementor-element elementor-element-5073397 elementor-widget elementor-widget-text-editor\" data-id=\"5073397\" data-element_type=\"widget\" data-e-type=\"widget\" data-widget_type=\"text-editor.default\">\n\t\t\t\t<div class=\"elementor-widget-container\">\n\t\t\t\t\t\t\t\t\t<p>Inmo se positionne comme un outil de r\u00e9f\u00e9rencement s\u00e9rieux et neutre. La plateforme ne privil\u00e9gie aucun projet et ne joue aucun r\u00f4le dans les d\u00e9cisions d\u2019achat, laissant aux utilisateurs et aux professionnels la libert\u00e9 d\u2019\u00e9changer directement.<\/p>\t\t\t\t\t\t\t\t<\/div>\n\t\t\t\t<\/div>\n\t\t\t\t<\/div>\n\t\t\t\t<\/div>\n\t\t\t\t\t<\/div>\n\t\t\t\t<\/div>\n\t\t\t\t<\/div>","protected":false},"excerpt":{"rendered":"<p>\u00c0 propos d&#8217;Inmo Inmo est une plateforme immobili\u00e8re professionnelle d\u00e9di\u00e9e au r\u00e9f\u00e9rencement et \u00e0 la centralisation des projets immobiliers neufs dans la province de T\u00e9touan.Pens\u00e9e comme un outil d\u2019information et de visibilit\u00e9, Inmo a pour vocation de structurer l\u2019offre existante et de permettre aux utilisateurs d\u2019avoir une vue claire, organis\u00e9e et \u00e0 jour des projets [&hellip;]<\/p>\n","protected":false},"author":1,"featured_media":22155,"parent":0,"menu_order":0,"comment_status":"closed","ping_status":"closed","template":"elementor_header_footer","meta":{"_acf_changed":false,"footnotes":""},"class_list":["post-16650","page","type-page","status-publish","has-post-thumbnail","hentry"],"acf":[],"_links":{"self":[{"href":"https:\/\/inmo.ma\/en\/wp-json\/wp\/v2\/pages\/16650","targetHints":{"allow":["GET"]}}],"collection":[{"href":"https:\/\/inmo.ma\/en\/wp-json\/wp\/v2\/pages"}],"about":[{"href":"https:\/\/inmo.ma\/en\/wp-json\/wp\/v2\/types\/page"}],"author":[{"embeddable":true,"href":"https:\/\/inmo.ma\/en\/wp-json\/wp\/v2\/users\/1"}],"replies":[{"embeddable":true,"href":"https:\/\/inmo.ma\/en\/wp-json\/wp\/v2\/comments?post=16650"}],"version-history":[{"count":0,"href":"https:\/\/inmo.ma\/en\/wp-json\/wp\/v2\/pages\/16650\/revisions"}],"wp:featuredmedia":[{"embeddable":true,"href":"https:\/\/inmo.ma\/en\/wp-json\/wp\/v2\/media\/22155"}],"wp:attachment":[{"href":"https:\/\/inmo.ma\/en\/wp-json\/wp\/v2\/media?parent=16650"}],"curies":[{"name":"wp","href":"https:\/\/api.w.org\/{rel}","templated":true}]}}