{"id":22575,"date":"2026-01-11T15:14:56","date_gmt":"2026-01-11T15:14:56","guid":{"rendered":"https:\/\/inmo.ma\/?page_id=22575"},"modified":"2026-01-20T01:28:35","modified_gmt":"2026-01-20T01:28:35","slug":"real-estate-blog-in-tetouan","status":"publish","type":"page","link":"https:\/\/inmo.ma\/en\/real-estate-blog-in-tetouan\/","title":{"rendered":"Blog Immobilier \u00e0 T\u00e9touan"},"content":{"rendered":"<div data-elementor-type=\"wp-page\" data-elementor-id=\"22575\" class=\"elementor elementor-22575\" data-elementor-post-type=\"page\">\n\t\t\t\t<div class=\"elementor-element elementor-element-ac8deed e-flex e-con-boxed e-con e-parent\" data-id=\"ac8deed\" data-element_type=\"container\" data-e-type=\"container\">\n\t\t\t\t\t<div class=\"e-con-inner\">\n\t\t<div class=\"elementor-element elementor-element-ddcd437 e-flex e-con-boxed e-con e-child\" data-id=\"ddcd437\" data-element_type=\"container\" data-e-type=\"container\">\n\t\t\t\t\t<div class=\"e-con-inner\">\n\t\t\t\t<div class=\"elementor-element elementor-element-254a57a elementor-widget elementor-widget-text-editor\" data-id=\"254a57a\" data-element_type=\"widget\" data-e-type=\"widget\" data-widget_type=\"text-editor.default\">\n\t\t\t\t<div class=\"elementor-widget-container\">\n\t\t\t\t\t\t\t\t\t<p>Welcome to Inmo&#039;s Tetouan Real Estate Blog, your go-to source for everything related to the real estate market in northern Morocco. On this blog, you&#039;ll find practical articles on buying, selling, and renting properties, analyses of local trends, and advice on investing in or increasing the value of your property. Each post is designed to provide you with reliable and up-to-date information, helping you make confident and informed real estate decisions in Tetouan.<\/p>\t\t\t\t\t\t\t\t<\/div>\n\t\t\t\t<\/div>\n\t\t\t\t<div class=\"elementor-element elementor-element-591792b elementor-widget elementor-widget-heading\" data-id=\"591792b\" data-element_type=\"widget\" data-e-type=\"widget\" data-widget_type=\"heading.default\">\n\t\t\t\t<div class=\"elementor-widget-container\">\n\t\t\t\t\t<h2 class=\"elementor-heading-title elementor-size-default\">Discover the latest articles from the Tetouan Real Estate Blog<\/h2>\t\t\t\t<\/div>\n\t\t\t\t<\/div>\n\t\t\t\t\t<\/div>\n\t\t\t\t<\/div>\n\t\t\t\t\t<\/div>\n\t\t\t\t<\/div>\n\t\t<div class=\"elementor-element elementor-element-e9ed43f e-flex e-con-boxed e-con e-parent\" data-id=\"e9ed43f\" data-element_type=\"container\" data-e-type=\"container\">\n\t\t\t\t\t<div class=\"e-con-inner\">\n\t\t\t\t<div class=\"elementor-element elementor-element-9ac14a0 elementor-posts--align-left elementor-grid-3 elementor-grid-tablet-2 elementor-grid-mobile-1 elementor-posts--thumbnail-top elementor-card-shadow-yes elementor-posts__hover-gradient elementor-widget elementor-widget-posts\" data-id=\"9ac14a0\" data-element_type=\"widget\" data-e-type=\"widget\" data-settings=\"{&quot;pagination_type&quot;:&quot;load_more_infinite_scroll&quot;,&quot;cards_columns&quot;:&quot;3&quot;,&quot;cards_columns_tablet&quot;:&quot;2&quot;,&quot;cards_columns_mobile&quot;:&quot;1&quot;,&quot;cards_row_gap&quot;:{&quot;unit&quot;:&quot;px&quot;,&quot;size&quot;:35,&quot;sizes&quot;:[]},&quot;cards_row_gap_tablet&quot;:{&quot;unit&quot;:&quot;px&quot;,&quot;size&quot;:&quot;&quot;,&quot;sizes&quot;:[]},&quot;cards_row_gap_mobile&quot;:{&quot;unit&quot;:&quot;px&quot;,&quot;size&quot;:&quot;&quot;,&quot;sizes&quot;:[]},&quot;load_more_spinner&quot;:{&quot;value&quot;:&quot;fas fa-spinner&quot;,&quot;library&quot;:&quot;fa-solid&quot;}}\" data-widget_type=\"posts.cards\">\n\t\t\t\t<div class=\"elementor-widget-container\">\n\t\t\t\t\t\t\t<div class=\"elementor-posts-container elementor-posts elementor-posts--skin-cards elementor-grid\" role=\"list\">\n\t\t\t\t<article class=\"elementor-post elementor-grid-item post-22695 post type-post status-publish format-standard has-post-thumbnail hentry category-fiscalite\" role=\"listitem\">\n\t\t\t<div class=\"elementor-post__card\">\n\t\t\t\t<a class=\"elementor-post__thumbnail__link\" href=\"https:\/\/inmo.ma\/en\/moroccan-real-estate-profits-tax-2026\/\" tabindex=\"-1\"><div class=\"elementor-post__thumbnail\"><img fetchpriority=\"high\" decoding=\"async\" width=\"768\" height=\"536\" src=\"https:\/\/inmo.ma\/wp-content\/uploads\/2026\/01\/Notaire-2.jpg\" class=\"attachment-medium_large size-medium_large wp-image-22722\" alt=\"tax on real estate profits\" srcset=\"https:\/\/inmo.ma\/wp-content\/uploads\/2026\/01\/Notaire-2.jpg 816w, https:\/\/inmo.ma\/wp-content\/uploads\/2026\/01\/Notaire-2-18x12.jpg 18w\" sizes=\"(max-width: 768px) 100vw, 768px\" \/><\/div><\/a>\n\t\t\t\t<div class=\"elementor-post__badge\">Taxation<\/div>\n\t\t\t\t<div class=\"elementor-post__text\">\n\t\t\t\t<h3 class=\"elementor-post__title\">\n\t\t\t<a href=\"https:\/\/inmo.ma\/en\/moroccan-real-estate-profits-tax-2026\/\">\n\t\t\t\tReal Estate Capital Gains Tax (TPI) in Morocco: A Simplified Guide Based on the 2026 General Tax Code\t\t\t<\/a>\n\t\t<\/h3>\n\t\t\t\t<div class=\"elementor-post__excerpt\">\n\t\t\t<p>Real Estate Capital Gains Tax (TPI) in Morocco: a simplified guide based on the 2026 General Tax Code<\/p>\n\t\t<\/div>\n\t\t\t\t\t<div class=\"elementor-post__read-more-wrapper\">\n\t\t\n\t\t<a class=\"elementor-post__read-more\" href=\"https:\/\/inmo.ma\/en\/moroccan-real-estate-profits-tax-2026\/\" aria-label=\"Read more about Taxe sur les Profits Immobiliers (TPI) au Maroc : Guide simplifi\u00e9 bas\u00e9 sur le Code G\u00e9n\u00e9ral des Imp\u00f4ts 2026\" tabindex=\"-1\">\n\t\t\tRead the article\t\t<\/a>\n\n\t\t\t\t\t<\/div>\n\t\t\t\t<\/div>\n\t\t\t\t\t<\/div>\n\t\t<\/article>\n\t\t\t\t<article class=\"elementor-post elementor-grid-item post-22665 post type-post status-publish format-standard has-post-thumbnail hentry category-immobilier\" role=\"listitem\">\n\t\t\t<div class=\"elementor-post__card\">\n\t\t\t\t<a class=\"elementor-post__thumbnail__link\" href=\"https:\/\/inmo.ma\/en\/selling-your-property-with-an-agency\/\" tabindex=\"-1\"><div class=\"elementor-post__thumbnail\"><img decoding=\"async\" width=\"768\" height=\"512\" src=\"https:\/\/inmo.ma\/wp-content\/uploads\/2026\/01\/Vendre-agent-immobilier.png\" class=\"attachment-medium_large size-medium_large wp-image-22671\" alt=\"Selling your property with an agency\" srcset=\"https:\/\/inmo.ma\/wp-content\/uploads\/2026\/01\/Vendre-agent-immobilier.png 1536w, https:\/\/inmo.ma\/wp-content\/uploads\/2026\/01\/Vendre-agent-immobilier-18x12.png 18w\" sizes=\"(max-width: 768px) 100vw, 768px\" \/><\/div><\/a>\n\t\t\t\t<div class=\"elementor-post__badge\">Real estate<\/div>\n\t\t\t\t<div class=\"elementor-post__text\">\n\t\t\t\t<h3 class=\"elementor-post__title\">\n\t\t\t<a href=\"https:\/\/inmo.ma\/en\/selling-your-property-with-an-agency\/\">\n\t\t\t\tSelling your property with a real estate agency: why entrusting your property to a professional changes everything\t\t\t<\/a>\n\t\t<\/h3>\n\t\t\t\t<div class=\"elementor-post__excerpt\">\n\t\t\t<p>Selling your property with a real estate agency: why entrusting your property to a professional changes everything. Selling a<\/p>\n\t\t<\/div>\n\t\t\t\t\t<div class=\"elementor-post__read-more-wrapper\">\n\t\t\n\t\t<a class=\"elementor-post__read-more\" href=\"https:\/\/inmo.ma\/en\/selling-your-property-with-an-agency\/\" aria-label=\"Read more about Vendre son bien immobilier avec une agence immobili\u00e8re : pourquoi confier son bien \u00e0 un professionnel change tout\" tabindex=\"-1\">\n\t\t\tRead the article\t\t<\/a>\n\n\t\t\t\t\t<\/div>\n\t\t\t\t<\/div>\n\t\t\t\t\t<\/div>\n\t\t<\/article>\n\t\t\t\t<article class=\"elementor-post elementor-grid-item post-22733 post type-post status-publish format-standard has-post-thumbnail hentry category-fiscalite\" role=\"listitem\">\n\t\t\t<div class=\"elementor-post__card\">\n\t\t\t\t<a class=\"elementor-post__thumbnail__link\" href=\"https:\/\/inmo.ma\/en\/daam-sakane-housing-assistance-program-2026\/\" tabindex=\"-1\"><div class=\"elementor-post__thumbnail\"><img decoding=\"async\" width=\"768\" height=\"480\" src=\"https:\/\/inmo.ma\/wp-content\/uploads\/2026\/01\/Daam-sakan.png\" class=\"attachment-medium_large size-medium_large wp-image-22748\" alt=\"Daam Sakane\" srcset=\"https:\/\/inmo.ma\/wp-content\/uploads\/2026\/01\/Daam-sakan.png 800w, https:\/\/inmo.ma\/wp-content\/uploads\/2026\/01\/Daam-sakan-18x12.png 18w\" sizes=\"(max-width: 768px) 100vw, 768px\" \/><\/div><\/a>\n\t\t\t\t<div class=\"elementor-post__badge\">Taxation<\/div>\n\t\t\t\t<div class=\"elementor-post__text\">\n\t\t\t\t<h3 class=\"elementor-post__title\">\n\t\t\t<a href=\"https:\/\/inmo.ma\/en\/daam-sakane-housing-assistance-program-2026\/\">\n\t\t\t\tDaam Sakane Program: Everything you need to know to benefit from housing assistance in 2026\t\t\t<\/a>\n\t\t<\/h3>\n\t\t\t\t<div class=\"elementor-post__excerpt\">\n\t\t\t<p>Daam Sakane Program: Everything you need to know to benefit from housing assistance in 2026. Accessing homeownership in Morocco.<\/p>\n\t\t<\/div>\n\t\t\t\t\t<div class=\"elementor-post__read-more-wrapper\">\n\t\t\n\t\t<a class=\"elementor-post__read-more\" href=\"https:\/\/inmo.ma\/en\/daam-sakane-housing-assistance-program-2026\/\" aria-label=\"Read more about Programme Daam Sakane : tout savoir pour b\u00e9n\u00e9ficier de l\u2019aide au logement en 2026\" tabindex=\"-1\">\n\t\t\tRead the article\t\t<\/a>\n\n\t\t\t\t\t<\/div>\n\t\t\t\t<\/div>\n\t\t\t\t\t<\/div>\n\t\t<\/article>\n\t\t\t\t<article class=\"elementor-post elementor-grid-item post-22614 post type-post status-publish format-standard has-post-thumbnail hentry category-juridique\" role=\"listitem\">\n\t\t\t<div class=\"elementor-post__card\">\n\t\t\t\t<a class=\"elementor-post__thumbnail__link\" href=\"https:\/\/inmo.ma\/en\/land-title-in-morocco\/\" tabindex=\"-1\"><div class=\"elementor-post__thumbnail\"><img loading=\"lazy\" decoding=\"async\" width=\"768\" height=\"512\" src=\"https:\/\/inmo.ma\/wp-content\/uploads\/2026\/01\/ANCFCC-Rabat-Maroc.png\" class=\"attachment-medium_large size-medium_large wp-image-22664\" alt=\"Land title\" srcset=\"https:\/\/inmo.ma\/wp-content\/uploads\/2026\/01\/ANCFCC-Rabat-Maroc.png 1536w, https:\/\/inmo.ma\/wp-content\/uploads\/2026\/01\/ANCFCC-Rabat-Maroc-18x12.png 18w\" sizes=\"(max-width: 768px) 100vw, 768px\" \/><\/div><\/a>\n\t\t\t\t<div class=\"elementor-post__badge\">Legal<\/div>\n\t\t\t\t<div class=\"elementor-post__text\">\n\t\t\t\t<h3 class=\"elementor-post__title\">\n\t\t\t<a href=\"https:\/\/inmo.ma\/en\/land-title-in-morocco\/\">\n\t\t\t\tLand title in Morocco in 2026: understanding the essential document that proves your ownership\t\t\t<\/a>\n\t\t<\/h3>\n\t\t\t\t<div class=\"elementor-post__excerpt\">\n\t\t\t<p>Land title in Morocco in 2026: understanding the essential document that proves your ownership. You often hear about<\/p>\n\t\t<\/div>\n\t\t\t\t\t<div class=\"elementor-post__read-more-wrapper\">\n\t\t\n\t\t<a class=\"elementor-post__read-more\" href=\"https:\/\/inmo.ma\/en\/land-title-in-morocco\/\" aria-label=\"Read more about Titre foncier au Maroc en 2026 : comprendre le document essentiel qui prouve votre propri\u00e9t\u00e9\" tabindex=\"-1\">\n\t\t\tRead the article\t\t<\/a>\n\n\t\t\t\t\t<\/div>\n\t\t\t\t<\/div>\n\t\t\t\t\t<\/div>\n\t\t<\/article>\n\t\t\t\t<article class=\"elementor-post elementor-grid-item post-22989 post type-post status-publish format-standard has-post-thumbnail hentry category-fiscalite\" role=\"listitem\">\n\t\t\t<div class=\"elementor-post__card\">\n\t\t\t\t<a class=\"elementor-post__thumbnail__link\" href=\"https:\/\/inmo.ma\/en\/financer-lachat-dun-appartement-au-maroc\/\" tabindex=\"-1\"><div class=\"elementor-post__thumbnail\"><img loading=\"lazy\" decoding=\"async\" width=\"768\" height=\"512\" src=\"https:\/\/inmo.ma\/wp-content\/uploads\/2026\/01\/Bank-advisor.png\" class=\"attachment-medium_large size-medium_large wp-image-23021\" alt=\"Financer l\u2019achat d\u2019un appartement au Maroc\" srcset=\"https:\/\/inmo.ma\/wp-content\/uploads\/2026\/01\/Bank-advisor.png 1536w, https:\/\/inmo.ma\/wp-content\/uploads\/2026\/01\/Bank-advisor-18x12.png 18w\" sizes=\"(max-width: 768px) 100vw, 768px\" \/><\/div><\/a>\n\t\t\t\t<div class=\"elementor-post__badge\">Taxation<\/div>\n\t\t\t\t<div class=\"elementor-post__text\">\n\t\t\t\t<h3 class=\"elementor-post__title\">\n\t\t\t<a href=\"https:\/\/inmo.ma\/en\/financer-lachat-dun-appartement-au-maroc\/\">\n\t\t\t\tFinancer l\u2019achat d\u2019un appartement au Maroc : comprendre l\u2019effet de levier en 3 points\t\t\t<\/a>\n\t\t<\/h3>\n\t\t\t\t<div class=\"elementor-post__excerpt\">\n\t\t\t<p>Financer l\u2019achat d&#8217;un appartement au Maroc : comprendre l\u2019effet de levier en 3 points Acheter un appartement pour y vivre<\/p>\n\t\t<\/div>\n\t\t\t\t\t<div class=\"elementor-post__read-more-wrapper\">\n\t\t\n\t\t<a class=\"elementor-post__read-more\" href=\"https:\/\/inmo.ma\/en\/financer-lachat-dun-appartement-au-maroc\/\" aria-label=\"Read more about Financer l\u2019achat d\u2019un appartement au Maroc : comprendre l\u2019effet de levier en 3 points\" tabindex=\"-1\">\n\t\t\tRead the article\t\t<\/a>\n\n\t\t\t\t\t<\/div>\n\t\t\t\t<\/div>\n\t\t\t\t\t<\/div>\n\t\t<\/article>\n\t\t\t\t<article class=\"elementor-post elementor-grid-item post-22779 post type-post status-publish format-standard has-post-thumbnail hentry category-immobilier\" role=\"listitem\">\n\t\t\t<div class=\"elementor-post__card\">\n\t\t\t\t<a class=\"elementor-post__thumbnail__link\" href=\"https:\/\/inmo.ma\/en\/reputable-real-estate-developer-tetouan\/\" tabindex=\"-1\"><div class=\"elementor-post__thumbnail\"><img loading=\"lazy\" decoding=\"async\" width=\"768\" height=\"512\" src=\"https:\/\/inmo.ma\/wp-content\/uploads\/2026\/01\/Promoteur-immobilier.png\" class=\"attachment-medium_large size-medium_large wp-image-22787\" alt=\"real estate developer\" srcset=\"https:\/\/inmo.ma\/wp-content\/uploads\/2026\/01\/Promoteur-immobilier.png 1536w, https:\/\/inmo.ma\/wp-content\/uploads\/2026\/01\/Promoteur-immobilier-18x12.png 18w\" sizes=\"(max-width: 768px) 100vw, 768px\" \/><\/div><\/a>\n\t\t\t\t<div class=\"elementor-post__badge\">Real estate<\/div>\n\t\t\t\t<div class=\"elementor-post__text\">\n\t\t\t\t<h3 class=\"elementor-post__title\">\n\t\t\t<a href=\"https:\/\/inmo.ma\/en\/reputable-real-estate-developer-tetouan\/\">\n\t\t\t\tWhy buy in Tetouan from a reputable real estate developer?\t\t\t<\/a>\n\t\t<\/h3>\n\t\t\t\t<div class=\"elementor-post__excerpt\">\n\t\t\t<p>Why buy your property in Tetouan from a reputable real estate developer? Buying a new property is not limited to<\/p>\n\t\t<\/div>\n\t\t\t\t\t<div class=\"elementor-post__read-more-wrapper\">\n\t\t\n\t\t<a class=\"elementor-post__read-more\" href=\"https:\/\/inmo.ma\/en\/reputable-real-estate-developer-tetouan\/\" aria-label=\"Read more about Pourquoi acheter \u00e0 T\u00e9touan aupr\u00e8s d\u2019un promoteur immobilier r\u00e9put\u00e9 ?\" tabindex=\"-1\">\n\t\t\tRead the article\t\t<\/a>\n\n\t\t\t\t\t<\/div>\n\t\t\t\t<\/div>\n\t\t\t\t\t<\/div>\n\t\t<\/article>\n\t\t\t\t<article class=\"elementor-post elementor-grid-item post-22529 post type-post status-publish format-standard has-post-thumbnail hentry category-immobilier\" role=\"listitem\">\n\t\t\t<div class=\"elementor-post__card\">\n\t\t\t\t<a class=\"elementor-post__thumbnail__link\" href=\"https:\/\/inmo.ma\/en\/to-use-a-real-estate-agency\/\" tabindex=\"-1\"><div class=\"elementor-post__thumbnail\"><img loading=\"lazy\" decoding=\"async\" width=\"768\" height=\"512\" src=\"https:\/\/inmo.ma\/wp-content\/uploads\/2026\/01\/Real-estate-agent-work.png\" class=\"attachment-medium_large size-medium_large wp-image-22544\" alt=\"Land Title\" srcset=\"https:\/\/inmo.ma\/wp-content\/uploads\/2026\/01\/Real-estate-agent-work.png 1536w, https:\/\/inmo.ma\/wp-content\/uploads\/2026\/01\/Real-estate-agent-work-18x12.png 18w\" sizes=\"(max-width: 768px) 100vw, 768px\" \/><\/div><\/a>\n\t\t\t\t<div class=\"elementor-post__badge\">Real estate<\/div>\n\t\t\t\t<div class=\"elementor-post__text\">\n\t\t\t\t<h3 class=\"elementor-post__title\">\n\t\t\t<a href=\"https:\/\/inmo.ma\/en\/to-use-a-real-estate-agency\/\">\n\t\t\t\tUsing a real estate agency to buy your property: 7 key reasons to make this choice\t\t\t<\/a>\n\t\t<\/h3>\n\t\t\t\t<div class=\"elementor-post__excerpt\">\n\t\t\t<p>Using a real estate agency to buy your property: 7 key reasons to make this choice.<\/p>\n\t\t<\/div>\n\t\t\t\t\t<div class=\"elementor-post__read-more-wrapper\">\n\t\t\n\t\t<a class=\"elementor-post__read-more\" href=\"https:\/\/inmo.ma\/en\/to-use-a-real-estate-agency\/\" aria-label=\"Read more about Faire appel \u00e0 une agence immobili\u00e8re pour acheter votre bien : 7 raisons essentielles de faire ce choix\" tabindex=\"-1\">\n\t\t\tRead the article\t\t<\/a>\n\n\t\t\t\t\t<\/div>\n\t\t\t\t<\/div>\n\t\t\t\t\t<\/div>\n\t\t<\/article>\n\t\t\t\t<article class=\"elementor-post elementor-grid-item post-22891 post type-post status-publish format-standard has-post-thumbnail hentry category-immobilier\" role=\"listitem\">\n\t\t\t<div class=\"elementor-post__card\">\n\t\t\t\t<a class=\"elementor-post__thumbnail__link\" href=\"https:\/\/inmo.ma\/en\/investing-in-real-estate-in-morocco\/\" tabindex=\"-1\"><div class=\"elementor-post__thumbnail\"><img loading=\"lazy\" decoding=\"async\" width=\"768\" height=\"512\" src=\"https:\/\/inmo.ma\/wp-content\/uploads\/2026\/01\/4-checks-avant-d-investir-immobilier.png\" class=\"attachment-medium_large size-medium_large wp-image-22896\" alt=\"Investing in real estate in Morocco\" srcset=\"https:\/\/inmo.ma\/wp-content\/uploads\/2026\/01\/4-checks-avant-d-investir-immobilier.png 1536w, https:\/\/inmo.ma\/wp-content\/uploads\/2026\/01\/4-checks-avant-d-investir-immobilier-18x12.png 18w\" sizes=\"(max-width: 768px) 100vw, 768px\" \/><\/div><\/a>\n\t\t\t\t<div class=\"elementor-post__badge\">Real estate<\/div>\n\t\t\t\t<div class=\"elementor-post__text\">\n\t\t\t\t<h3 class=\"elementor-post__title\">\n\t\t\t<a href=\"https:\/\/inmo.ma\/en\/investing-in-real-estate-in-morocco\/\">\n\t\t\t\t4 essential questions to ask yourself before investing in real estate\t\t\t<\/a>\n\t\t<\/h3>\n\t\t\t\t<div class=\"elementor-post__excerpt\">\n\t\t\t<p>Investing in real estate in Morocco: 4 key questions before buying. Investing in real estate in Morocco involves placing your<\/p>\n\t\t<\/div>\n\t\t\t\t\t<div class=\"elementor-post__read-more-wrapper\">\n\t\t\n\t\t<a class=\"elementor-post__read-more\" href=\"https:\/\/inmo.ma\/en\/investing-in-real-estate-in-morocco\/\" aria-label=\"Read more about 4 questions essentielles \u00e0 se poser avant d\u2019investir dans l\u2019immobilier\" tabindex=\"-1\">\n\t\t\tRead the article\t\t<\/a>\n\n\t\t\t\t\t<\/div>\n\t\t\t\t<\/div>\n\t\t\t\t\t<\/div>\n\t\t<\/article>\n\t\t\t\t<article class=\"elementor-post elementor-grid-item post-22973 post type-post status-publish format-standard has-post-thumbnail hentry category-fiscalite\" role=\"listitem\">\n\t\t\t<div class=\"elementor-post__card\">\n\t\t\t\t<a class=\"elementor-post__thumbnail__link\" href=\"https:\/\/inmo.ma\/en\/taxe-sur-les-terrains-urbains-non-batis-au-maroc\/\" tabindex=\"-1\"><div class=\"elementor-post__thumbnail\"><img loading=\"lazy\" decoding=\"async\" width=\"768\" height=\"512\" src=\"https:\/\/inmo.ma\/wp-content\/uploads\/2026\/01\/Terrain-urbain-non-bati.png\" class=\"attachment-medium_large size-medium_large wp-image-22986\" alt=\"Financer l\u2019achat d\u2019un appartement au Maroc\" srcset=\"https:\/\/inmo.ma\/wp-content\/uploads\/2026\/01\/Terrain-urbain-non-bati.png 1536w, https:\/\/inmo.ma\/wp-content\/uploads\/2026\/01\/Terrain-urbain-non-bati-18x12.png 18w\" sizes=\"(max-width: 768px) 100vw, 768px\" \/><\/div><\/a>\n\t\t\t\t<div class=\"elementor-post__badge\">Taxation<\/div>\n\t\t\t\t<div class=\"elementor-post__text\">\n\t\t\t\t<h3 class=\"elementor-post__title\">\n\t\t\t<a href=\"https:\/\/inmo.ma\/en\/taxe-sur-les-terrains-urbains-non-batis-au-maroc\/\">\n\t\t\t\tTaxe sur les Terrains Urbains Non B\u00e2tis au Maroc (TNB): Guide complet 2026\t\t\t<\/a>\n\t\t<\/h3>\n\t\t\t\t<div class=\"elementor-post__excerpt\">\n\t\t\t<p>Taxe sur les Terrains Urbains Non B\u00e2tis au Maroc: Guide complet 2026 La Taxe sur les Terrains Urbains Non B\u00e2tis<\/p>\n\t\t<\/div>\n\t\t\t\t\t<div class=\"elementor-post__read-more-wrapper\">\n\t\t\n\t\t<a class=\"elementor-post__read-more\" href=\"https:\/\/inmo.ma\/en\/taxe-sur-les-terrains-urbains-non-batis-au-maroc\/\" aria-label=\"Read more about Taxe sur les Terrains Urbains Non B\u00e2tis au Maroc (TNB): Guide complet 2026\" tabindex=\"-1\">\n\t\t\tRead the article\t\t<\/a>\n\n\t\t\t\t\t<\/div>\n\t\t\t\t<\/div>\n\t\t\t\t\t<\/div>\n\t\t<\/article>\n\t\t\t\t<article class=\"elementor-post elementor-grid-item post-22939 post type-post status-publish format-standard has-post-thumbnail hentry category-immobilier\" role=\"listitem\">\n\t\t\t<div class=\"elementor-post__card\">\n\t\t\t\t<a class=\"elementor-post__thumbnail__link\" href=\"https:\/\/inmo.ma\/en\/avoid-general-marketplaces-for-real-estate-purchases\/\" tabindex=\"-1\"><div class=\"elementor-post__thumbnail\"><img loading=\"lazy\" decoding=\"async\" width=\"768\" height=\"512\" src=\"https:\/\/inmo.ma\/wp-content\/uploads\/2026\/01\/Marketplaces.png\" class=\"attachment-medium_large size-medium_large wp-image-22944\" alt=\"general marketplaces\" srcset=\"https:\/\/inmo.ma\/wp-content\/uploads\/2026\/01\/Marketplaces.png 1536w, https:\/\/inmo.ma\/wp-content\/uploads\/2026\/01\/Marketplaces-18x12.png 18w\" sizes=\"(max-width: 768px) 100vw, 768px\" \/><\/div><\/a>\n\t\t\t\t<div class=\"elementor-post__badge\">Real estate<\/div>\n\t\t\t\t<div class=\"elementor-post__text\">\n\t\t\t\t<h3 class=\"elementor-post__title\">\n\t\t\t<a href=\"https:\/\/inmo.ma\/en\/avoid-general-marketplaces-for-real-estate-purchases\/\">\n\t\t\t\tWhy avoid general marketplaces when buying real estate: what studies and surveys say\t\t\t<\/a>\n\t\t<\/h3>\n\t\t\t\t<div class=\"elementor-post__excerpt\">\n\t\t\t<p>Why avoid non-specialized marketplaces when buying real estate online? With the digitalization of the real estate sector,<\/p>\n\t\t<\/div>\n\t\t\t\t\t<div class=\"elementor-post__read-more-wrapper\">\n\t\t\n\t\t<a class=\"elementor-post__read-more\" href=\"https:\/\/inmo.ma\/en\/avoid-general-marketplaces-for-real-estate-purchases\/\" aria-label=\"Read more about Pourquoi \u00e9viter les marketplaces g\u00e9n\u00e9ralistes pour acheter un bien immobilier : ce que disent les \u00e9tudes et enqu\u00eates\" tabindex=\"-1\">\n\t\t\tRead the article\t\t<\/a>\n\n\t\t\t\t\t<\/div>\n\t\t\t\t<\/div>\n\t\t\t\t\t<\/div>\n\t\t<\/article>\n\t\t\t\t<article class=\"elementor-post elementor-grid-item post-22860 post type-post status-publish format-standard has-post-thumbnail hentry category-fiscalite\" role=\"listitem\">\n\t\t\t<div class=\"elementor-post__card\">\n\t\t\t\t<a class=\"elementor-post__thumbnail__link\" href=\"https:\/\/inmo.ma\/en\/frais-dacquisition-dun-bien-immobilier-au-maroc-en-2026\/\" tabindex=\"-1\"><div class=\"elementor-post__thumbnail\"><img loading=\"lazy\" decoding=\"async\" width=\"752\" height=\"416\" src=\"https:\/\/inmo.ma\/wp-content\/uploads\/2026\/01\/Notaire-frais-achat.png\" class=\"attachment-medium_large size-medium_large wp-image-22873\" alt=\"Costs of acquiring real estate in Morocco in 2026\" srcset=\"https:\/\/inmo.ma\/wp-content\/uploads\/2026\/01\/Notaire-frais-achat.png 752w, https:\/\/inmo.ma\/wp-content\/uploads\/2026\/01\/Notaire-frais-achat-18x10.png 18w\" sizes=\"(max-width: 752px) 100vw, 752px\" \/><\/div><\/a>\n\t\t\t\t<div class=\"elementor-post__badge\">Taxation<\/div>\n\t\t\t\t<div class=\"elementor-post__text\">\n\t\t\t\t<h3 class=\"elementor-post__title\">\n\t\t\t<a href=\"https:\/\/inmo.ma\/en\/frais-dacquisition-dun-bien-immobilier-au-maroc-en-2026\/\">\n\t\t\t\tReal Estate Acquisition Costs in Morocco in 2026: A Complete Guide\t\t\t<\/a>\n\t\t<\/h3>\n\t\t\t\t<div class=\"elementor-post__excerpt\">\n\t\t\t<p>Real Estate Acquisition Costs in Morocco in 2026: A Complete Guide to Buying or Selling Real Estate in Morocco<\/p>\n\t\t<\/div>\n\t\t\t\t\t<div class=\"elementor-post__read-more-wrapper\">\n\t\t\n\t\t<a class=\"elementor-post__read-more\" href=\"https:\/\/inmo.ma\/en\/frais-dacquisition-dun-bien-immobilier-au-maroc-en-2026\/\" aria-label=\"Read more about Frais d\u2019Acquisition d\u2019un Bien Immobilier au Maroc en 2026 : Guide Complet\" tabindex=\"-1\">\n\t\t\tRead the article\t\t<\/a>\n\n\t\t\t\t\t<\/div>\n\t\t\t\t<\/div>\n\t\t\t\t\t<\/div>\n\t\t<\/article>\n\t\t\t\t<\/div>\n\t\t\t\t\t<span class=\"e-load-more-spinner\">\n\t\t\t\t<svg aria-hidden=\"true\" class=\"e-font-icon-svg e-fas-spinner\" viewbox=\"0 0 512 512\" xmlns=\"http:\/\/www.w3.org\/2000\/svg\"><path d=\"M304 48c0 26.51-21.49 48-48 48s-48-21.49-48-48 21.49-48 48-48 48 21.49 48 48zm-48 368c-26.51 0-48 21.49-48 48s21.49 48 48 48 48-21.49 48-48-21.49-48-48-48zm208-208c-26.51 0-48 21.49-48 48s21.49 48 48 48 48-21.49 48-48-21.49-48-48-48zM96 256c0-26.51-21.49-48-48-48S0 229.49 0 256s21.49 48 48 48 48-21.49 48-48zm12.922 99.078c-26.51 0-48 21.49-48 48s21.49 48 48 48 48-21.49 48-48c0-26.509-21.491-48-48-48zm294.156 0c-26.51 0-48 21.49-48 48s21.49 48 48 48 48-21.49 48-48c0-26.509-21.49-48-48-48zM108.922 60.922c-26.51 0-48 21.49-48 48s21.49 48 48 48 48-21.49 48-48-21.491-48-48-48z\"><\/path><\/svg>\t\t\t<\/span>\n\t\t\n\t\t\t\t\t\t<\/div>\n\t\t\t\t<\/div>\n\t\t\t\t\t<\/div>\n\t\t\t\t<\/div>\n\t\t\t\t<\/div>","protected":false},"excerpt":{"rendered":"<p>Bienvenue sur le Blog Immobilier \u00e0 T\u00e9touan d\u2019Inmo, votre r\u00e9f\u00e9rence pour tout ce qui concerne le march\u00e9 immobilier dans le nord du Maroc. Sur ce blog, vous d\u00e9couvrirez des articles pratiques sur l\u2019achat, la vente et la location de biens, des analyses des tendances locales, ainsi que des conseils pour investir ou valoriser votre propri\u00e9t\u00e9. [&hellip;]<\/p>\n","protected":false},"author":1,"featured_media":0,"parent":0,"menu_order":0,"comment_status":"closed","ping_status":"closed","template":"elementor_header_footer","meta":{"_acf_changed":false,"footnotes":""},"class_list":["post-22575","page","type-page","status-publish","hentry"],"acf":[],"_links":{"self":[{"href":"https:\/\/inmo.ma\/en\/wp-json\/wp\/v2\/pages\/22575","targetHints":{"allow":["GET"]}}],"collection":[{"href":"https:\/\/inmo.ma\/en\/wp-json\/wp\/v2\/pages"}],"about":[{"href":"https:\/\/inmo.ma\/en\/wp-json\/wp\/v2\/types\/page"}],"author":[{"embeddable":true,"href":"https:\/\/inmo.ma\/en\/wp-json\/wp\/v2\/users\/1"}],"replies":[{"embeddable":true,"href":"https:\/\/inmo.ma\/en\/wp-json\/wp\/v2\/comments?post=22575"}],"version-history":[{"count":0,"href":"https:\/\/inmo.ma\/en\/wp-json\/wp\/v2\/pages\/22575\/revisions"}],"wp:attachment":[{"href":"https:\/\/inmo.ma\/en\/wp-json\/wp\/v2\/media?parent=22575"}],"curies":[{"name":"wp","href":"https:\/\/api.w.org\/{rel}","templated":true}]}}