{"id":21757,"date":"2026-01-01T12:34:23","date_gmt":"2026-01-01T12:34:23","guid":{"rendered":"https:\/\/inmo.ma\/?page_id=21757"},"modified":"2026-01-01T12:39:25","modified_gmt":"2026-01-01T12:39:25","slug":"pack-visibilite","status":"publish","type":"page","link":"https:\/\/inmo.ma\/nl\/pack-visibilite\/","title":{"rendered":"Pack visibilite"},"content":{"rendered":"<div data-elementor-type=\"wp-page\" data-elementor-id=\"21757\" class=\"elementor elementor-21757\" data-elementor-post-type=\"page\">\n\t\t\t\t\t\t<section class=\"elementor-section elementor-top-section elementor-element elementor-element-495bef0 elementor-section-height-min-height elementor-section-boxed elementor-section-height-default elementor-section-items-middle\" data-id=\"495bef0\" data-element_type=\"section\" data-e-type=\"section\" data-settings=\"{&quot;background_background&quot;:&quot;classic&quot;}\">\n\t\t\t\t\t\t\t<div class=\"elementor-background-overlay\"><\/div>\n\t\t\t\t\t\t\t<div class=\"elementor-container elementor-column-gap-default\">\n\t\t\t\t\t<div class=\"elementor-column elementor-col-100 elementor-top-column elementor-element elementor-element-e0d28a0\" data-id=\"e0d28a0\" data-element_type=\"column\" data-e-type=\"column\">\n\t\t\t<div class=\"elementor-widget-wrap elementor-element-populated\">\n\t\t\t\t\t\t<div class=\"elementor-element elementor-element-52e68c3 elementor-widget elementor-widget-heading\" data-id=\"52e68c3\" data-element_type=\"widget\" data-e-type=\"widget\" data-widget_type=\"heading.default\">\n\t\t\t\t<div class=\"elementor-widget-container\">\n\t\t\t\t\t<h1 class=\"elementor-heading-title elementor-size-default\">Promoteurs et agences immobili\u00e8res T\u00e9touan<br>Rejoignez la plateforme INMO<\/h1>\t\t\t\t<\/div>\n\t\t\t\t<\/div>\n\t\t\t\t\t<\/div>\n\t\t<\/div>\n\t\t\t\t\t<\/div>\n\t\t<\/section>\n\t\t\t\t<section class=\"elementor-section elementor-top-section elementor-element elementor-element-3260a6c elementor-section-boxed elementor-section-height-default elementor-section-height-default\" data-id=\"3260a6c\" data-element_type=\"section\" data-e-type=\"section\">\n\t\t\t\t\t\t<div class=\"elementor-container elementor-column-gap-default\">\n\t\t\t\t\t<div class=\"elementor-column elementor-col-100 elementor-top-column elementor-element elementor-element-d576a33\" data-id=\"d576a33\" data-element_type=\"column\" data-e-type=\"column\">\n\t\t\t<div class=\"elementor-widget-wrap elementor-element-populated\">\n\t\t\t\t\t\t<section class=\"elementor-section elementor-inner-section elementor-element elementor-element-9a743c0 elementor-section-content-middle elementor-section-boxed elementor-section-height-default elementor-section-height-default\" data-id=\"9a743c0\" data-element_type=\"section\" data-e-type=\"section\">\n\t\t\t\t\t\t<div class=\"elementor-container elementor-column-gap-default\">\n\t\t\t\t\t<div class=\"elementor-column elementor-col-100 elementor-inner-column elementor-element elementor-element-3e5c8c1\" data-id=\"3e5c8c1\" data-element_type=\"column\" data-e-type=\"column\">\n\t\t\t<div class=\"elementor-widget-wrap elementor-element-populated\">\n\t\t\t\t\t\t<div class=\"elementor-element elementor-element-b972fe3 elementor-widget elementor-widget-heading\" data-id=\"b972fe3\" data-element_type=\"widget\" data-e-type=\"widget\" data-widget_type=\"heading.default\">\n\t\t\t\t<div class=\"elementor-widget-container\">\n\t\t\t\t\t<h2 class=\"elementor-heading-title elementor-size-default\">Les packs Performance<\/h2>\t\t\t\t<\/div>\n\t\t\t\t<\/div>\n\t\t\t\t<div class=\"elementor-element elementor-element-3b882d5 elementor-widget elementor-widget-text-editor\" data-id=\"3b882d5\" data-element_type=\"widget\" data-e-type=\"widget\" data-widget_type=\"text-editor.default\">\n\t\t\t\t<div class=\"elementor-widget-container\">\n\t\t\t\t\t\t\t\t\t<p>Seuls les promoteurs et agences peuvent publier &#8211; gratuitement &#8211; leurs annonces de vente sur Inmo. Nous privil\u00e9gions la qualit\u00e9 des offres plut\u00f4t que la quantit\u00e9 et attirons des acheteurs r\u00e9ellement int\u00e9ress\u00e9s, pour que vous puissiez vendre plus efficacement et en toute confiance.<\/p>\t\t\t\t\t\t\t\t<\/div>\n\t\t\t\t<\/div>\n\t\t<div class=\"elementor-element elementor-element-658c9f6 e-grid e-con-boxed e-con e-parent\" data-id=\"658c9f6\" data-element_type=\"container\" data-e-type=\"container\">\n\t\t\t\t\t<div class=\"e-con-inner\">\n\t\t<div class=\"elementor-element elementor-element-bfe459c e-con-full e-transform e-flex e-con e-child\" data-id=\"bfe459c\" data-element_type=\"container\" data-e-type=\"container\" data-settings=\"{&quot;_transform_scale_effect_hover&quot;:{&quot;unit&quot;:&quot;px&quot;,&quot;size&quot;:1.05,&quot;sizes&quot;:[]},&quot;_transform_scale_effect_hover_tablet&quot;:{&quot;unit&quot;:&quot;px&quot;,&quot;size&quot;:&quot;&quot;,&quot;sizes&quot;:[]},&quot;_transform_scale_effect_hover_mobile&quot;:{&quot;unit&quot;:&quot;px&quot;,&quot;size&quot;:&quot;&quot;,&quot;sizes&quot;:[]}}\">\n\t\t<div class=\"elementor-element elementor-element-8d581ea e-con-full e-flex e-con e-child\" data-id=\"8d581ea\" data-element_type=\"container\" data-e-type=\"container\" data-settings=\"{&quot;background_background&quot;:&quot;classic&quot;}\">\n\t\t\t\t<div class=\"elementor-element elementor-element-f9a21aa elementor-widget elementor-widget-heading\" data-id=\"f9a21aa\" data-element_type=\"widget\" data-e-type=\"widget\" data-widget_type=\"heading.default\">\n\t\t\t\t<div class=\"elementor-widget-container\">\n\t\t\t\t\t<h2 class=\"elementor-heading-title elementor-size-default\">\u2b50<\/h2>\t\t\t\t<\/div>\n\t\t\t\t<\/div>\n\t\t\t\t<div class=\"elementor-element elementor-element-4b460e3 elementor-widget elementor-widget-heading\" data-id=\"4b460e3\" data-element_type=\"widget\" data-e-type=\"widget\" data-widget_type=\"heading.default\">\n\t\t\t\t<div class=\"elementor-widget-container\">\n\t\t\t\t\t<h2 class=\"elementor-heading-title elementor-size-default\">Projet \u00e0 la UNE<\/h2>\t\t\t\t<\/div>\n\t\t\t\t<\/div>\n\t\t\t\t<div class=\"elementor-element elementor-element-e2ec0b4 elementor-widget elementor-widget-heading\" data-id=\"e2ec0b4\" data-element_type=\"widget\" data-e-type=\"widget\" data-widget_type=\"heading.default\">\n\t\t\t\t<div class=\"elementor-widget-container\">\n\t\t\t\t\t<h2 class=\"elementor-heading-title elementor-size-default\">\u00c0 partir de 5000 dh\/mois - 3 spots disponibles<\/h2>\t\t\t\t<\/div>\n\t\t\t\t<\/div>\n\t\t\t\t<\/div>\n\t\t<div class=\"elementor-element elementor-element-9c65664 e-con-full e-flex e-con e-child\" data-id=\"9c65664\" data-element_type=\"container\" data-e-type=\"container\">\n\t\t\t\t<div class=\"elementor-element elementor-element-d25f471 elementor-widget elementor-widget-text-editor\" data-id=\"d25f471\" data-element_type=\"widget\" data-e-type=\"widget\" data-widget_type=\"text-editor.default\">\n\t\t\t\t<div class=\"elementor-widget-container\">\n\t\t\t\t\t\t\t\t\t<p data-start=\"242\" data-end=\"698\"><strong data-start=\"242\" data-end=\"322\">Le pack le plus puissant pour maximiser l\u2019impact commercial de votre projet.<\/strong><br data-start=\"322\" data-end=\"325\" \/>Votre programme b\u00e9n\u00e9ficie d\u2019une visibilit\u00e9 exceptionnelle gr\u00e2ce \u00e0 sa mise en avant en premi\u00e8re position sur la page d\u2019accueil. Id\u00e9al pour un lancement, une op\u00e9ration strat\u00e9gique ou un projet prioritaire, ce pack vous aide \u00e0 capter l\u2019attention des acheteurs d\u00e8s leur premi\u00e8re visite et \u00e0 g\u00e9n\u00e9rer des demandes qualifi\u00e9es plus rapidement.<\/p>\t\t\t\t\t\t\t\t<\/div>\n\t\t\t\t<\/div>\n\t\t\t\t<\/div>\n\t\t\t\t<\/div>\n\t\t<div class=\"elementor-element elementor-element-f26ef43 e-con-full e-transform e-flex e-con e-child\" data-id=\"f26ef43\" data-element_type=\"container\" data-e-type=\"container\" data-settings=\"{&quot;_transform_scale_effect_hover&quot;:{&quot;unit&quot;:&quot;px&quot;,&quot;size&quot;:1.05,&quot;sizes&quot;:[]},&quot;_transform_scale_effect_hover_tablet&quot;:{&quot;unit&quot;:&quot;px&quot;,&quot;size&quot;:&quot;&quot;,&quot;sizes&quot;:[]},&quot;_transform_scale_effect_hover_mobile&quot;:{&quot;unit&quot;:&quot;px&quot;,&quot;size&quot;:&quot;&quot;,&quot;sizes&quot;:[]}}\">\n\t\t<div class=\"elementor-element elementor-element-737a169 e-con-full e-flex e-con e-child\" data-id=\"737a169\" data-element_type=\"container\" data-e-type=\"container\" data-settings=\"{&quot;background_background&quot;:&quot;classic&quot;}\">\n\t\t\t\t<div class=\"elementor-element elementor-element-2e94855 elementor-widget elementor-widget-heading\" data-id=\"2e94855\" data-element_type=\"widget\" data-e-type=\"widget\" data-widget_type=\"heading.default\">\n\t\t\t\t<div class=\"elementor-widget-container\">\n\t\t\t\t\t<h2 class=\"elementor-heading-title elementor-size-default\">\ud83e\udd1d<\/h2>\t\t\t\t<\/div>\n\t\t\t\t<\/div>\n\t\t\t\t<div class=\"elementor-element elementor-element-2c01d5f elementor-widget elementor-widget-heading\" data-id=\"2c01d5f\" data-element_type=\"widget\" data-e-type=\"widget\" data-widget_type=\"heading.default\">\n\t\t\t\t<div class=\"elementor-widget-container\">\n\t\t\t\t\t<h2 class=\"elementor-heading-title elementor-size-default\">Partenaire \u00e0 la UNE<\/h2>\t\t\t\t<\/div>\n\t\t\t\t<\/div>\n\t\t\t\t<div class=\"elementor-element elementor-element-34c9b8b elementor-widget elementor-widget-heading\" data-id=\"34c9b8b\" data-element_type=\"widget\" data-e-type=\"widget\" data-widget_type=\"heading.default\">\n\t\t\t\t<div class=\"elementor-widget-container\">\n\t\t\t\t\t<h2 class=\"elementor-heading-title elementor-size-default\">\u00c0 partir de 2000 dh\/mois - 5 spots disponibles<\/h2>\t\t\t\t<\/div>\n\t\t\t\t<\/div>\n\t\t\t\t<\/div>\n\t\t<div class=\"elementor-element elementor-element-cfa5932 e-con-full e-flex e-con e-child\" data-id=\"cfa5932\" data-element_type=\"container\" data-e-type=\"container\">\n\t\t\t\t<div class=\"elementor-element elementor-element-1b3a29f elementor-widget elementor-widget-text-editor\" data-id=\"1b3a29f\" data-element_type=\"widget\" data-e-type=\"widget\" data-widget_type=\"text-editor.default\">\n\t\t\t\t<div class=\"elementor-widget-container\">\n\t\t\t\t\t\t\t\t\t<p data-start=\"252\" data-end=\"538\"><strong>Donnez \u00e0 votre marque une visibilit\u00e9 institutionnelle forte et durable.<\/strong><br data-start=\"323\" data-end=\"326\" \/>Avec ce pack, le logo de votre entreprise appara\u00eet sur la page d\u2019accueil d\u2019Inmo dans l\u2019espace \u201cPartenaires \u201d, offrant une pr\u00e9sence premium aupr\u00e8s des acheteurs et investisseurs d\u00e8s leur premi\u00e8re visite.<\/p><p data-start=\"540\" data-end=\"768\">Un clic sur votre logo redirige vers votre page profil professionnelle, o\u00f9 ils peuvent d\u00e9couvrir votre soci\u00e9t\u00e9, consulter l\u2019ensemble de vos projets, acc\u00e9der \u00e0 vos coordonn\u00e9es et entrer directement en contact avec votre \u00e9quipe.<\/p>\t\t\t\t\t\t\t\t<\/div>\n\t\t\t\t<\/div>\n\t\t\t\t<\/div>\n\t\t\t\t<\/div>\n\t\t<div class=\"elementor-element elementor-element-3f9be03 e-con-full e-transform e-flex e-con e-child\" data-id=\"3f9be03\" data-element_type=\"container\" data-e-type=\"container\" data-settings=\"{&quot;_transform_scale_effect_hover&quot;:{&quot;unit&quot;:&quot;px&quot;,&quot;size&quot;:1.05,&quot;sizes&quot;:[]},&quot;_transform_scale_effect_hover_tablet&quot;:{&quot;unit&quot;:&quot;px&quot;,&quot;size&quot;:&quot;&quot;,&quot;sizes&quot;:[]},&quot;_transform_scale_effect_hover_mobile&quot;:{&quot;unit&quot;:&quot;px&quot;,&quot;size&quot;:&quot;&quot;,&quot;sizes&quot;:[]}}\">\n\t\t<div class=\"elementor-element elementor-element-f1ebb6d e-con-full e-flex e-con e-child\" data-id=\"f1ebb6d\" data-element_type=\"container\" data-e-type=\"container\" data-settings=\"{&quot;background_background&quot;:&quot;classic&quot;}\">\n\t\t\t\t<div class=\"elementor-element elementor-element-00070b9 elementor-widget elementor-widget-heading\" data-id=\"00070b9\" data-element_type=\"widget\" data-e-type=\"widget\" data-widget_type=\"heading.default\">\n\t\t\t\t<div class=\"elementor-widget-container\">\n\t\t\t\t\t<h2 class=\"elementor-heading-title elementor-size-default\">\ud83c\udfc5<\/h2>\t\t\t\t<\/div>\n\t\t\t\t<\/div>\n\t\t\t\t<div class=\"elementor-element elementor-element-e798da3 elementor-widget elementor-widget-heading\" data-id=\"e798da3\" data-element_type=\"widget\" data-e-type=\"widget\" data-widget_type=\"heading.default\">\n\t\t\t\t<div class=\"elementor-widget-container\">\n\t\t\t\t\t<h2 class=\"elementor-heading-title elementor-size-default\">Top 3 Annonces<\/h2>\t\t\t\t<\/div>\n\t\t\t\t<\/div>\n\t\t\t\t<div class=\"elementor-element elementor-element-f84dfe5 elementor-widget elementor-widget-heading\" data-id=\"f84dfe5\" data-element_type=\"widget\" data-e-type=\"widget\" data-widget_type=\"heading.default\">\n\t\t\t\t<div class=\"elementor-widget-container\">\n\t\t\t\t\t<h2 class=\"elementor-heading-title elementor-size-default\">\u00c0 partir de 2000 dh\/mois - 3 spots disponibles<\/h2>\t\t\t\t<\/div>\n\t\t\t\t<\/div>\n\t\t\t\t<\/div>\n\t\t<div class=\"elementor-element elementor-element-7f9b251 e-con-full e-flex e-con e-child\" data-id=\"7f9b251\" data-element_type=\"container\" data-e-type=\"container\">\n\t\t\t\t<div class=\"elementor-element elementor-element-d7837b5 elementor-widget elementor-widget-text-editor\" data-id=\"d7837b5\" data-element_type=\"widget\" data-e-type=\"widget\" data-widget_type=\"text-editor.default\">\n\t\t\t\t<div class=\"elementor-widget-container\">\n\t\t\t\t\t\t\t\t\t<p data-start=\"242\" data-end=\"698\"><strong data-start=\"242\" data-end=\"316\">La solution id\u00e9ale pour donner un avantage strat\u00e9gique \u00e0 votre projet.<\/strong><br data-start=\"316\" data-end=\"319\" \/>Votre annonce appara\u00eet syst\u00e9matiquement parmi les <strong data-start=\"369\" data-end=\"425\">trois premi\u00e8res positions des r\u00e9sultats de recherche<\/strong>, lui offrant une exposition prioritaire face aux autres projets. Ce placement premium renforce la cr\u00e9dibilit\u00e9 de votre programme, attire l\u2019attention des acheteurs les plus actifs et augmente fortement ses chances d\u2019\u00eatre s\u00e9lectionn\u00e9 d\u00e8s les premi\u00e8res consultations.<\/p>\t\t\t\t\t\t\t\t<\/div>\n\t\t\t\t<\/div>\n\t\t\t\t<\/div>\n\t\t\t\t<\/div>\n\t\t<div class=\"elementor-element elementor-element-54c8795 e-con-full e-transform e-flex e-con e-child\" data-id=\"54c8795\" data-element_type=\"container\" data-e-type=\"container\" data-settings=\"{&quot;_transform_scale_effect_hover&quot;:{&quot;unit&quot;:&quot;px&quot;,&quot;size&quot;:1.05,&quot;sizes&quot;:[]},&quot;_transform_scale_effect_hover_tablet&quot;:{&quot;unit&quot;:&quot;px&quot;,&quot;size&quot;:&quot;&quot;,&quot;sizes&quot;:[]},&quot;_transform_scale_effect_hover_mobile&quot;:{&quot;unit&quot;:&quot;px&quot;,&quot;size&quot;:&quot;&quot;,&quot;sizes&quot;:[]}}\">\n\t\t<div class=\"elementor-element elementor-element-dcac501 e-con-full e-flex e-con e-child\" data-id=\"dcac501\" data-element_type=\"container\" data-e-type=\"container\" data-settings=\"{&quot;background_background&quot;:&quot;classic&quot;}\">\n\t\t\t\t<div class=\"elementor-element elementor-element-ad78fa4 elementor-widget elementor-widget-heading\" data-id=\"ad78fa4\" data-element_type=\"widget\" data-e-type=\"widget\" data-widget_type=\"heading.default\">\n\t\t\t\t<div class=\"elementor-widget-container\">\n\t\t\t\t\t<h2 class=\"elementor-heading-title elementor-size-default\">\ud83c\udfe2<\/h2>\t\t\t\t<\/div>\n\t\t\t\t<\/div>\n\t\t\t\t<div class=\"elementor-element elementor-element-7fc25a1 elementor-widget elementor-widget-heading\" data-id=\"7fc25a1\" data-element_type=\"widget\" data-e-type=\"widget\" data-widget_type=\"heading.default\">\n\t\t\t\t<div class=\"elementor-widget-container\">\n\t\t\t\t\t<h2 class=\"elementor-heading-title elementor-size-default\">Visibilit\u00e9 Premium<\/h2>\t\t\t\t<\/div>\n\t\t\t\t<\/div>\n\t\t\t\t<div class=\"elementor-element elementor-element-f55f81e elementor-widget elementor-widget-heading\" data-id=\"f55f81e\" data-element_type=\"widget\" data-e-type=\"widget\" data-widget_type=\"heading.default\">\n\t\t\t\t<div class=\"elementor-widget-container\">\n\t\t\t\t\t<h2 class=\"elementor-heading-title elementor-size-default\">\u00c0 partir de 1200 dh\/mois - 12 spots disponibles<\/h2>\t\t\t\t<\/div>\n\t\t\t\t<\/div>\n\t\t\t\t<\/div>\n\t\t<div class=\"elementor-element elementor-element-ae1798f e-con-full e-flex e-con e-child\" data-id=\"ae1798f\" data-element_type=\"container\" data-e-type=\"container\">\n\t\t\t\t<div class=\"elementor-element elementor-element-7b8c495 elementor-widget elementor-widget-text-editor\" data-id=\"7b8c495\" data-element_type=\"widget\" data-e-type=\"widget\" data-widget_type=\"text-editor.default\">\n\t\t\t\t<div class=\"elementor-widget-container\">\n\t\t\t\t\t\t\t\t\t<p data-start=\"134\" data-end=\"475\"><strong>Soyez visible aupr\u00e8s de tous les visiteurs d\u2019Inmo<\/strong> en figurant sur notre page exclusive des promoteurs et agences. Cette mise en avant r\u00e9serv\u00e9e aux professionnels qui choisissent le pack vous permet de pr\u00e9senter votre entreprise via un profil cliquable, regroupant tous vos projets, vos coordonn\u00e9es et vos informations commerciales.<\/p><p data-start=\"477\" data-end=\"692\">Profitez d\u2019une exposition maximale, renforcez votre cr\u00e9dibilit\u00e9 et attirez des acheteurs r\u00e9ellement int\u00e9ress\u00e9s, tout en vous positionnant comme un acteur s\u00e9rieux et reconnu du march\u00e9 immobilier de T\u00e9touan.<\/p>\t\t\t\t\t\t\t\t<\/div>\n\t\t\t\t<\/div>\n\t\t\t\t<\/div>\n\t\t<div class=\"elementor-element elementor-element-6091e0f e-con-full e-flex e-con e-child\" data-id=\"6091e0f\" data-element_type=\"container\" data-e-type=\"container\">\n\t\t\t\t<div class=\"elementor-element elementor-element-84b04d7 elementor-align-center e-transform e-transform elementor-widget__width-initial elementor-widget elementor-widget-button\" data-id=\"84b04d7\" data-element_type=\"widget\" data-e-type=\"widget\" data-settings=\"{&quot;_transform_scale_effect_hover&quot;:{&quot;unit&quot;:&quot;px&quot;,&quot;size&quot;:1.05,&quot;sizes&quot;:[]},&quot;_transform_scale_effect&quot;:{&quot;unit&quot;:&quot;px&quot;,&quot;size&quot;:&quot;&quot;,&quot;sizes&quot;:[]},&quot;_transform_scale_effect_tablet&quot;:{&quot;unit&quot;:&quot;px&quot;,&quot;size&quot;:&quot;&quot;,&quot;sizes&quot;:[]},&quot;_transform_scale_effect_mobile&quot;:{&quot;unit&quot;:&quot;px&quot;,&quot;size&quot;:&quot;&quot;,&quot;sizes&quot;:[]},&quot;_transform_scale_effect_hover_tablet&quot;:{&quot;unit&quot;:&quot;px&quot;,&quot;size&quot;:&quot;&quot;,&quot;sizes&quot;:[]},&quot;_transform_scale_effect_hover_mobile&quot;:{&quot;unit&quot;:&quot;px&quot;,&quot;size&quot;:&quot;&quot;,&quot;sizes&quot;:[]}}\" data-widget_type=\"button.default\">\n\t\t\t\t<div class=\"elementor-widget-container\">\n\t\t\t\t\t\t\t\t\t<div class=\"elementor-button-wrapper\">\n\t\t\t\t\t<a class=\"elementor-button elementor-button-link elementor-size-sm\" href=\"https:\/\/inmo.ma\/nl\/agences\/\">\n\t\t\t\t\t\t<span class=\"elementor-button-content-wrapper\">\n\t\t\t\t\t\t\t\t\t<span class=\"elementor-button-text\">Consulter la page des agences<\/span>\n\t\t\t\t\t<\/span>\n\t\t\t\t\t<\/a>\n\t\t\t\t<\/div>\n\t\t\t\t\t\t\t\t<\/div>\n\t\t\t\t<\/div>\n\t\t\t\t<div class=\"elementor-element elementor-element-ddfa634 elementor-align-center e-transform e-transform elementor-widget__width-initial elementor-widget elementor-widget-button\" data-id=\"ddfa634\" data-element_type=\"widget\" data-e-type=\"widget\" data-settings=\"{&quot;_transform_scale_effect_hover&quot;:{&quot;unit&quot;:&quot;px&quot;,&quot;size&quot;:1.05,&quot;sizes&quot;:[]},&quot;_transform_scale_effect&quot;:{&quot;unit&quot;:&quot;px&quot;,&quot;size&quot;:&quot;&quot;,&quot;sizes&quot;:[]},&quot;_transform_scale_effect_tablet&quot;:{&quot;unit&quot;:&quot;px&quot;,&quot;size&quot;:&quot;&quot;,&quot;sizes&quot;:[]},&quot;_transform_scale_effect_mobile&quot;:{&quot;unit&quot;:&quot;px&quot;,&quot;size&quot;:&quot;&quot;,&quot;sizes&quot;:[]},&quot;_transform_scale_effect_hover_tablet&quot;:{&quot;unit&quot;:&quot;px&quot;,&quot;size&quot;:&quot;&quot;,&quot;sizes&quot;:[]},&quot;_transform_scale_effect_hover_mobile&quot;:{&quot;unit&quot;:&quot;px&quot;,&quot;size&quot;:&quot;&quot;,&quot;sizes&quot;:[]}}\" data-widget_type=\"button.default\">\n\t\t\t\t<div class=\"elementor-widget-container\">\n\t\t\t\t\t\t\t\t\t<div class=\"elementor-button-wrapper\">\n\t\t\t\t\t<a class=\"elementor-button elementor-button-link elementor-size-sm\" href=\"https:\/\/inmo.ma\/nl\/agences\/demo\/\">\n\t\t\t\t\t\t<span class=\"elementor-button-content-wrapper\">\n\t\t\t\t\t\t\t\t\t<span class=\"elementor-button-text\">Consulter le profil d'une agence<\/span>\n\t\t\t\t\t<\/span>\n\t\t\t\t\t<\/a>\n\t\t\t\t<\/div>\n\t\t\t\t\t\t\t\t<\/div>\n\t\t\t\t<\/div>\n\t\t\t\t<\/div>\n\t\t\t\t<\/div>\n\t\t\t\t\t<\/div>\n\t\t\t\t<\/div>\n\t\t\t\t\t<\/div>\n\t\t<\/div>\n\t\t\t\t\t<\/div>\n\t\t<\/section>\n\t\t\t\t\t<\/div>\n\t\t<\/div>\n\t\t\t\t\t<\/div>\n\t\t<\/section>\n\t\t\t\t<section class=\"elementor-section elementor-top-section elementor-element elementor-element-d6e69de elementor-section-boxed elementor-section-height-default elementor-section-height-default\" data-id=\"d6e69de\" data-element_type=\"section\" data-e-type=\"section\">\n\t\t\t\t\t\t<div class=\"elementor-container elementor-column-gap-default\">\n\t\t\t\t\t<div class=\"elementor-column elementor-col-100 elementor-top-column elementor-element elementor-element-9d9dc7a\" data-id=\"9d9dc7a\" data-element_type=\"column\" data-e-type=\"column\">\n\t\t\t<div class=\"elementor-widget-wrap\">\n\t\t\t\t\t\t\t<\/div>\n\t\t<\/div>\n\t\t\t\t\t<\/div>\n\t\t<\/section>\n\t\t\t\t<\/div>","protected":false},"excerpt":{"rendered":"<p>Promoteurs et agences immobili\u00e8res T\u00e9touanRejoignez la plateforme INMO Les packs Performance Seuls les promoteurs et agences peuvent publier &#8211; gratuitement &#8211; leurs annonces de vente sur Inmo. Nous privil\u00e9gions la qualit\u00e9 des offres plut\u00f4t que la quantit\u00e9 et attirons des acheteurs r\u00e9ellement int\u00e9ress\u00e9s, pour que vous puissiez vendre plus efficacement et en toute confiance. \u2b50 [&hellip;]<\/p>\n","protected":false},"author":1,"featured_media":0,"parent":0,"menu_order":0,"comment_status":"closed","ping_status":"closed","template":"elementor_header_footer","meta":{"_acf_changed":false,"footnotes":""},"class_list":["post-21757","page","type-page","status-publish","hentry"],"acf":[],"_links":{"self":[{"href":"https:\/\/inmo.ma\/nl\/wp-json\/wp\/v2\/pages\/21757","targetHints":{"allow":["GET"]}}],"collection":[{"href":"https:\/\/inmo.ma\/nl\/wp-json\/wp\/v2\/pages"}],"about":[{"href":"https:\/\/inmo.ma\/nl\/wp-json\/wp\/v2\/types\/page"}],"author":[{"embeddable":true,"href":"https:\/\/inmo.ma\/nl\/wp-json\/wp\/v2\/users\/1"}],"replies":[{"embeddable":true,"href":"https:\/\/inmo.ma\/nl\/wp-json\/wp\/v2\/comments?post=21757"}],"version-history":[{"count":0,"href":"https:\/\/inmo.ma\/nl\/wp-json\/wp\/v2\/pages\/21757\/revisions"}],"wp:attachment":[{"href":"https:\/\/inmo.ma\/nl\/wp-json\/wp\/v2\/media?parent=21757"}],"curies":[{"name":"wp","href":"https:\/\/api.w.org\/{rel}","templated":true}]}}